{"id":398,"date":"2022-03-15T10:14:05","date_gmt":"2022-03-15T10:14:05","guid":{"rendered":"https:\/\/de.servotecnica.com\/?page_id=398"},"modified":"2025-11-12T19:09:14","modified_gmt":"2025-11-12T19:09:14","slug":"qualitats-und-umweltpolitik","status":"publish","type":"page","link":"https:\/\/de.servotecnica.com\/de\/qualitats-und-umweltpolitik\/","title":{"rendered":"Qualit\u00e4ts- und Umweltpolitik"},"content":{"rendered":"\n<div style=\"height:30px\" aria-hidden=\"true\" class=\"wp-block-spacer\"><\/div>\n\n\n\n<h2 class=\"wp-block-heading has-text-color\" style=\"color:#e03c21;font-size:30px\">Unser Engagement<\/h2>\n\n\n\n<p>Als Spezialisten f\u00fcr Bewegungssteuerung sind wir von Exzellenz, Qualit\u00e4t und \u00f6kologischer Nachhaltigkeit getrieben, was sich in den folgenden Grunds\u00e4tzen und Unternehmenswerten widerspiegelt:<\/p>\n\n\n\n<h3 class=\"wp-block-heading\">Kompetenz<\/h3>\n\n\n\n<p>Unser st\u00e4ndiger Fokus auf die Entwicklung von Know-how verbessert unser bestes Produkt: die F\u00e4higkeit, Kundenbed\u00fcrfnisse zu verstehen und zuverl\u00e4ssige, zweckm\u00e4\u00dfige L\u00f6sungen anzubieten.<\/p>\n\n\n\n<h3 class=\"wp-block-heading\">Globale Pr\u00e4senz<\/h3>\n\n\n\n<p>Wir bedienen den globalen Markt durch direkte Niederlassungen und ein starkes Netzwerk von H\u00e4ndlern und Vertretern, wodurch wir die Philosophie und Markenbekanntheit von Servotecnica f\u00f6rdern. Gleichzeitig beziehen wir aus diesem globalen Markt innovative Technologien und Dienstleistungen von Hightech-Herstellern und integrieren nahtlos L\u00f6sungen verschiedener Anbieter.<\/p>\n\n\n\n<h3 class=\"wp-block-heading\">Kundenpartnerschaft<\/h3>\n\n\n\n<p>Die Entscheidung f\u00fcr eine enge Zusammenarbeit mit unseren Kunden erfordert eine offene, konstruktive und kooperative Denkweise. Ein transparenter und unvoreingenommener Austausch macht jede Kundeninteraktion zu einer Gelegenheit, Wissen und Fachkenntnisse auszutauschen und zu erwerben. Diese t\u00e4gliche Beziehung st\u00e4rkt das gegenseitige Vertrauen, den Respekt und die Kompetenz und macht Servotecnica zu einem echten Partner und integralen Bestandteil der Unternehmen, mit denen es zusammenarbeitet.<\/p>\n\n\n\n<h3 class=\"wp-block-heading\">Kontinuierliche Verbesserung<\/h3>\n\n\n\n<p>Unser st\u00e4ndiges Streben nach besseren Produkten und Dienstleistungen treibt uns dazu an, enge Beziehungen zu unseren Lieferanten und Vertretern aufzubauen und mit einem zukunftsorientierten Ansatz f\u00fcr kontinuierliche Innovation in unserem Angebot zu sorgen.<\/p>\n\n\n\n<h3 class=\"wp-block-heading\">\u00d6kologische Nachhaltigkeit<\/h3>\n\n\n\n<p>Wir verpflichten uns, unsere Auswirkungen auf die Umwelt durch verantwortungsbewusste Praktiken und kontinuierliche Verbesserung zu minimieren. Dieses Ziel verfolgen wir durch die Optimierung des Ressourceneinsatzes, die Vermeidung von Umweltverschmutzung, die vollst\u00e4ndige Einhaltung von Umweltvorschriften, die F\u00f6rderung des Bewusstseins<\/p>\n\n\n\n<div style=\"height:30px\" aria-hidden=\"true\" class=\"wp-block-spacer\"><\/div>\n\n\n\n<h2 class=\"wp-block-heading has-text-color\" style=\"color:#e03c21;font-size:30px\">Unsere Werte<\/h2>\n\n\n\n<h3 class=\"wp-block-heading\">Innovation<\/h3>\n\n\n\n<p>F\u00fcr Servotecnica bedeutet Innovation, den Blick in die Zukunft zu richten, um die Qualit\u00e4t der Dienstleistungen und das Leben der Menschen zu verbessern. Wir glauben an Anpassungsf\u00e4higkeit und kontinuierliches Lernen, um den Wert, den wir unseren Kunden bieten, zu steigern. Auf allen Ebenen des Unternehmens f\u00f6rdert Servotecnica den Austausch von Ideen, sodass jeder Einzelne zur Gestaltung des weiteren Weges beitragen kann.<\/p>\n\n\n\n<h3 class=\"wp-block-heading\">Teamgeist<\/h3>\n\n\n\n<p>Jeder Tag ist gepr\u00e4gt von einem konstruktiven und gegenseitigen Austausch zwischen den Kollegen. Eine proaktive und positive Beziehung innerhalb des Teams ist unerl\u00e4sslich, um Teil von Servotecnica zu sein. Die Komplexit\u00e4t moderner Systeme erfordert vielf\u00e4ltige berufliche F\u00e4higkeiten und eine effektive Zusammenarbeit. Initiative und Engagement f\u00fcr gemeinsame Ziele motivieren uns, sowohl bei Herausforderungen als auch bei Erfolgen zusammenzuarbeiten.<\/p>\n\n\n\n<h3 class=\"wp-block-heading\">Entschlossenheit<\/h3>\n\n\n\n<p>Unser Engagement entspringt dem Wunsch, einen Beitrag zu einem Unternehmen zu leisten, das in Italien Geschichte im Bereich Motion Control geschrieben hat und ein Pionier in der Verbindung von Technologie und Service ist. Beharrlichkeit und der st\u00e4ndige Wille zur Verbesserung sind die Eckpfeiler unseres Erfolgs.<\/p>\n\n\n\n<h3 class=\"wp-block-heading\">Verantwortung<\/h3>\n\n\n\n<p>Bei Servotecnica ist jedes Ergebnis das Ergebnis eines Prozesses. Unsere Arbeit basiert auf dem Respekt vor Menschen, Kunden, der Gesellschaft, der Umwelt und unserer lokalen Gemeinschaft.<\/p>\n\n\n\n<h3 class=\"wp-block-heading\">Verm\u00e4chtnis<\/h3>\n\n\n\n<p>Die Weitergabe unserer Werte ist f\u00fcr uns von grundlegender Bedeutung. Der Austausch unseres Fachwissens, einer Mischung aus technischem Wissen und Prinzipien, die nicht an Schulen oder externe Ausbilder delegiert werden k\u00f6nnen und die wir in jahrzehntelanger Erfahrung gesammelt haben, ist ein wesentlicher Teil unserer Mission.<\/p>\n","protected":false},"excerpt":{"rendered":"<p>Unser Engagement Als Spezialisten f\u00fcr Bewegungssteuerung sind wir von Exzellenz, Qualit\u00e4t und \u00f6kologischer Nachhaltigkeit getrieben, was sich in den folgenden Grunds\u00e4tzen und Unternehmenswerten widerspiegelt: Kompetenz Unser [&hellip;]<\/p>\n","protected":false},"author":1,"featured_media":0,"parent":0,"menu_order":0,"comment_status":"closed","ping_status":"closed","template":"","meta":{"_acf_changed":false,"footnotes":""},"class_list":["post-398","page","type-page","status-publish","hentry"],"acf":[],"yoast_head":"<!-- This site is optimized with the Yoast SEO plugin v26.6 - https:\/\/yoast.com\/wordpress\/plugins\/seo\/ -->\n<title>Qualit\u00e4ts- und Umweltpolitik - Servotecnica Deutschland<\/title>\n<meta name=\"robots\" content=\"index, follow, max-snippet:-1, max-image-preview:large, max-video-preview:-1\" \/>\n<meta property=\"og:locale\" content=\"de_DE\" \/>\n<meta property=\"og:type\" content=\"article\" \/>\n<meta property=\"og:title\" content=\"Qualit\u00e4ts- und Umweltpolitik - Servotecnica Deutschland\" \/>\n<meta property=\"og:description\" content=\"Unser Engagement Als Spezialisten f\u00fcr Bewegungssteuerung sind wir von Exzellenz, Qualit\u00e4t und \u00f6kologischer Nachhaltigkeit getrieben, was sich in den folgenden Grunds\u00e4tzen und Unternehmenswerten widerspiegelt: Kompetenz Unser [&hellip;]\" \/>\n<meta property=\"og:url\" content=\"https:\/\/de.servotecnica.com\/de\/qualitats-und-umweltpolitik\/\" \/>\n<meta property=\"og:site_name\" content=\"Servotecnica Deutschland\" \/>\n<meta property=\"article:modified_time\" content=\"2025-11-12T19:09:14+00:00\" \/>\n<meta name=\"twitter:card\" content=\"summary_large_image\" \/>\n<meta name=\"twitter:label1\" content=\"Gesch\u00e4tzte Lesezeit\" \/>\n\t<meta name=\"twitter:data1\" content=\"3\u00a0Minuten\" \/>\n<script type=\"application\/ld+json\" class=\"yoast-schema-graph\">{\"@context\":\"https:\/\/schema.org\",\"@graph\":[{\"@type\":\"WebPage\",\"@id\":\"https:\/\/de.servotecnica.com\/de\/qualitats-und-umweltpolitik\/\",\"url\":\"https:\/\/de.servotecnica.com\/de\/qualitats-und-umweltpolitik\/\",\"name\":\"Qualit\u00e4ts- und Umweltpolitik - Servotecnica Deutschland\",\"isPartOf\":{\"@id\":\"https:\/\/de.servotecnica.com\/de\/#website\"},\"datePublished\":\"2022-03-15T10:14:05+00:00\",\"dateModified\":\"2025-11-12T19:09:14+00:00\",\"breadcrumb\":{\"@id\":\"https:\/\/de.servotecnica.com\/de\/qualitats-und-umweltpolitik\/#breadcrumb\"},\"inLanguage\":\"de\",\"potentialAction\":[{\"@type\":\"ReadAction\",\"target\":[\"https:\/\/de.servotecnica.com\/de\/qualitats-und-umweltpolitik\/\"]}]},{\"@type\":\"BreadcrumbList\",\"@id\":\"https:\/\/de.servotecnica.com\/de\/qualitats-und-umweltpolitik\/#breadcrumb\",\"itemListElement\":[{\"@type\":\"ListItem\",\"position\":1,\"name\":\"Home\",\"item\":\"https:\/\/de.servotecnica.com\/de\/\"},{\"@type\":\"ListItem\",\"position\":2,\"name\":\"Qualit\u00e4ts- und Umweltpolitik\"}]},{\"@type\":\"WebSite\",\"@id\":\"https:\/\/de.servotecnica.com\/de\/#website\",\"url\":\"https:\/\/de.servotecnica.com\/de\/\",\"name\":\"Servotecnica Deutschland\",\"description\":\"Servotecnica\",\"potentialAction\":[{\"@type\":\"SearchAction\",\"target\":{\"@type\":\"EntryPoint\",\"urlTemplate\":\"https:\/\/de.servotecnica.com\/de\/?s={search_term_string}\"},\"query-input\":{\"@type\":\"PropertyValueSpecification\",\"valueRequired\":true,\"valueName\":\"search_term_string\"}}],\"inLanguage\":\"de\"}]}<\/script>\n<!-- \/ Yoast SEO plugin. -->","yoast_head_json":{"title":"Qualit\u00e4ts- und Umweltpolitik - Servotecnica Deutschland","robots":{"index":"index","follow":"follow","max-snippet":"max-snippet:-1","max-image-preview":"max-image-preview:large","max-video-preview":"max-video-preview:-1"},"og_locale":"de_DE","og_type":"article","og_title":"Qualit\u00e4ts- und Umweltpolitik - Servotecnica Deutschland","og_description":"Unser Engagement Als Spezialisten f\u00fcr Bewegungssteuerung sind wir von Exzellenz, Qualit\u00e4t und \u00f6kologischer Nachhaltigkeit getrieben, was sich in den folgenden Grunds\u00e4tzen und Unternehmenswerten widerspiegelt: Kompetenz Unser [&hellip;]","og_url":"https:\/\/de.servotecnica.com\/de\/qualitats-und-umweltpolitik\/","og_site_name":"Servotecnica Deutschland","article_modified_time":"2025-11-12T19:09:14+00:00","twitter_card":"summary_large_image","twitter_misc":{"Gesch\u00e4tzte Lesezeit":"3\u00a0Minuten"},"schema":{"@context":"https:\/\/schema.org","@graph":[{"@type":"WebPage","@id":"https:\/\/de.servotecnica.com\/de\/qualitats-und-umweltpolitik\/","url":"https:\/\/de.servotecnica.com\/de\/qualitats-und-umweltpolitik\/","name":"Qualit\u00e4ts- und Umweltpolitik - Servotecnica Deutschland","isPartOf":{"@id":"https:\/\/de.servotecnica.com\/de\/#website"},"datePublished":"2022-03-15T10:14:05+00:00","dateModified":"2025-11-12T19:09:14+00:00","breadcrumb":{"@id":"https:\/\/de.servotecnica.com\/de\/qualitats-und-umweltpolitik\/#breadcrumb"},"inLanguage":"de","potentialAction":[{"@type":"ReadAction","target":["https:\/\/de.servotecnica.com\/de\/qualitats-und-umweltpolitik\/"]}]},{"@type":"BreadcrumbList","@id":"https:\/\/de.servotecnica.com\/de\/qualitats-und-umweltpolitik\/#breadcrumb","itemListElement":[{"@type":"ListItem","position":1,"name":"Home","item":"https:\/\/de.servotecnica.com\/de\/"},{"@type":"ListItem","position":2,"name":"Qualit\u00e4ts- und Umweltpolitik"}]},{"@type":"WebSite","@id":"https:\/\/de.servotecnica.com\/de\/#website","url":"https:\/\/de.servotecnica.com\/de\/","name":"Servotecnica Deutschland","description":"Servotecnica","potentialAction":[{"@type":"SearchAction","target":{"@type":"EntryPoint","urlTemplate":"https:\/\/de.servotecnica.com\/de\/?s={search_term_string}"},"query-input":{"@type":"PropertyValueSpecification","valueRequired":true,"valueName":"search_term_string"}}],"inLanguage":"de"}]}},"_links":{"self":[{"href":"https:\/\/de.servotecnica.com\/de\/wp-json\/wp\/v2\/pages\/398","targetHints":{"allow":["GET"]}}],"collection":[{"href":"https:\/\/de.servotecnica.com\/de\/wp-json\/wp\/v2\/pages"}],"about":[{"href":"https:\/\/de.servotecnica.com\/de\/wp-json\/wp\/v2\/types\/page"}],"author":[{"embeddable":true,"href":"https:\/\/de.servotecnica.com\/de\/wp-json\/wp\/v2\/users\/1"}],"replies":[{"embeddable":true,"href":"https:\/\/de.servotecnica.com\/de\/wp-json\/wp\/v2\/comments?post=398"}],"version-history":[{"count":7,"href":"https:\/\/de.servotecnica.com\/de\/wp-json\/wp\/v2\/pages\/398\/revisions"}],"predecessor-version":[{"id":1160,"href":"https:\/\/de.servotecnica.com\/de\/wp-json\/wp\/v2\/pages\/398\/revisions\/1160"}],"wp:attachment":[{"href":"https:\/\/de.servotecnica.com\/de\/wp-json\/wp\/v2\/media?parent=398"}],"curies":[{"name":"wp","href":"https:\/\/api.w.org\/{rel}","templated":true}]}}