{"id":86,"date":"2021-12-10T17:14:19","date_gmt":"2021-12-10T17:14:19","guid":{"rendered":"https:\/\/servotecnica.com\/?page_id=86"},"modified":"2023-07-04T13:09:01","modified_gmt":"2023-07-04T13:09:01","slug":"dienstleistungen","status":"publish","type":"page","link":"https:\/\/de.servotecnica.com\/de\/dienstleistungen\/","title":{"rendered":"Dienstleistungen"},"content":{"rendered":"\n<div class=\"wp-block-group\"><div class=\"wp-block-group__inner-container is-layout-flow wp-block-group-is-layout-flow\"><\/div><\/div>\n\n\n\n<div class=\"wp-block-columns is-layout-flex wp-container-core-columns-is-layout-9d6595d7 wp-block-columns-is-layout-flex\">\n<div class=\"wp-block-column is-layout-flow wp-block-column-is-layout-flow\"><div class=\"wp-block-image\">\n<figure class=\"aligncenter size-large\"><img loading=\"lazy\" decoding=\"async\" width=\"1280\" height=\"912\" src=\"https:\/\/it.servotecnica.com\/wp-content\/uploads\/2023\/02\/services-custom-1280x912.jpg\" alt=\"\" class=\"wp-image-4113\" srcset=\"https:\/\/de.servotecnica.com\/wp-content\/uploads\/2023\/02\/services-custom-1280x912.jpg 1280w, https:\/\/de.servotecnica.com\/wp-content\/uploads\/2023\/02\/services-custom-768x547.jpg 768w, https:\/\/de.servotecnica.com\/wp-content\/uploads\/2023\/02\/services-custom-1536x1095.jpg 1536w, https:\/\/de.servotecnica.com\/wp-content\/uploads\/2023\/02\/services-custom-2048x1459.jpg 2048w\" sizes=\"auto, (max-width: 1280px) 100vw, 1280px\" \/><\/figure>\n<\/div><\/div>\n\n\n\n<div class=\"wp-block-column is-layout-flow wp-block-column-is-layout-flow\">\n<h3 class=\"wp-block-heading\">Ma\u00dfgeschneiderte Designs und Anwendungsunterst\u00fctzung<\/h3>\n\n\n\n<p>Mit mehr als 40 Jahren Erfahrung auf dem Markt f\u00fcr Industrieautomation kann unser Team Ihnen hochqualifizierte Unterst\u00fctzung bei der Entscheidungsfindung und beim Projektmanagement bieten. Unsere kombinierten L\u00f6sungen k\u00f6nnen selbst die komplexesten Anwendungsanforderungen erf\u00fcllen, da wir f\u00fchrende Marken auf Lager haben und kundenspezifische Produkte nach Spezifikation entwickeln.<\/p>\n<\/div>\n<\/div>\n\n\n\n<div class=\"wp-block-columns is-layout-flex wp-container-core-columns-is-layout-9d6595d7 wp-block-columns-is-layout-flex\">\n<div class=\"wp-block-column is-layout-flow wp-block-column-is-layout-flow\">\n<h3 class=\"wp-block-heading\">Kundendienst und Kundenbetreuung<\/h3>\n\n\n\n<p>Wir kennen elektromechanische Komponenten in- und auswendig und k\u00f6nnen Ihnen die Unterst\u00fctzung und technische Hilfe bieten, die Sie ben\u00f6tigen. Unsere qualifizierten und professionellen Ingenieure verf\u00fcgen \u00fcber das Know-how und stehen Ihnen bei der Beschaffung, Konzeption und Entwicklung der richtigen Produkte f\u00fcr Ihr Unternehmen zur Verf\u00fcgung.<\/p>\n<\/div>\n\n\n\n<div class=\"wp-block-column is-layout-flow wp-block-column-is-layout-flow\"><div class=\"wp-block-image\">\n<figure class=\"aligncenter size-large\"><img loading=\"lazy\" decoding=\"async\" width=\"1280\" height=\"912\" src=\"https:\/\/it.servotecnica.com\/wp-content\/uploads\/2023\/02\/services-support-1280x912.jpg\" alt=\"\" class=\"wp-image-4122\" srcset=\"https:\/\/de.servotecnica.com\/wp-content\/uploads\/2023\/02\/services-support-1280x912.jpg 1280w, https:\/\/de.servotecnica.com\/wp-content\/uploads\/2023\/02\/services-support-768x547.jpg 768w, https:\/\/de.servotecnica.com\/wp-content\/uploads\/2023\/02\/services-support-1536x1095.jpg 1536w, https:\/\/de.servotecnica.com\/wp-content\/uploads\/2023\/02\/services-support-2048x1459.jpg 2048w\" sizes=\"auto, (max-width: 1280px) 100vw, 1280px\" \/><\/figure>\n<\/div><\/div>\n<\/div>\n\n\n\n<div class=\"wp-block-columns is-layout-flex wp-container-core-columns-is-layout-9d6595d7 wp-block-columns-is-layout-flex\">\n<div class=\"wp-block-column is-layout-flow wp-block-column-is-layout-flow\">\n<figure class=\"wp-block-image size-large\"><img loading=\"lazy\" decoding=\"async\" width=\"1280\" height=\"912\" src=\"https:\/\/it.servotecnica.com\/wp-content\/uploads\/2023\/02\/services-quality-1280x912.jpg\" alt=\"\" class=\"wp-image-4119\" srcset=\"https:\/\/de.servotecnica.com\/wp-content\/uploads\/2023\/02\/services-quality-1280x912.jpg 1280w, https:\/\/de.servotecnica.com\/wp-content\/uploads\/2023\/02\/services-quality-768x547.jpg 768w, https:\/\/de.servotecnica.com\/wp-content\/uploads\/2023\/02\/services-quality-1536x1095.jpg 1536w, https:\/\/de.servotecnica.com\/wp-content\/uploads\/2023\/02\/services-quality-2048x1459.jpg 2048w\" sizes=\"auto, (max-width: 1280px) 100vw, 1280px\" \/><\/figure>\n<\/div>\n\n\n\n<div class=\"wp-block-column is-layout-flow wp-block-column-is-layout-flow\">\n<h3 class=\"wp-block-heading\">Qualit\u00e4tskontrolle und Reparaturen<\/h3>\n\n\n\n<p>Neben der Bereitstellung und Herstellung elektromechanischer Komponenten bieten wir unseren Kunden technische Unterst\u00fctzung bei Reparaturen und Qualit\u00e4tskontrollen. Wir f\u00fchren marktspezifische Zertifizierungen durch, um den Industriestandards zu entsprechen, und f\u00fchren strenge Qualit\u00e4tskontrollen durch, um die richtigen Zertifikate und Unterlagen auszustellen.<\/p>\n<\/div>\n<\/div>\n\n\n\n<div class=\"wp-block-columns is-layout-flex wp-container-core-columns-is-layout-9d6595d7 wp-block-columns-is-layout-flex\">\n<div class=\"wp-block-column is-layout-flow wp-block-column-is-layout-flow\">\n<h3 class=\"wp-block-heading\">Logistik<\/h3>\n\n\n\n<p>Wir bieten unsere Dienstleistungen weltweit an, und mit mehr als 3000 Produkten auf Lager k\u00f6nnen wir schnelle Lieferoptionen und spezielle Verpackungen anbieten, um sicherzustellen, dass Sie genau das erhalten, was Sie bestellen, wenn Sie es brauchen. Bei Servotecnica geht es nicht nur um die Herstellung von elektromechanischen Komponenten h\u00f6chster Qualit\u00e4t, sondern auch um die industrielle Automatisierung, die weit dar\u00fcber hinausgeht.<\/p>\n<\/div>\n\n\n\n<div class=\"wp-block-column is-layout-flow wp-block-column-is-layout-flow\">\n<figure class=\"wp-block-image size-large\"><img loading=\"lazy\" decoding=\"async\" width=\"1280\" height=\"912\" src=\"https:\/\/it.servotecnica.com\/wp-content\/uploads\/2023\/02\/services-logistics-1280x912.jpg\" alt=\"\" class=\"wp-image-4116\" srcset=\"https:\/\/de.servotecnica.com\/wp-content\/uploads\/2023\/02\/services-logistics-1280x912.jpg 1280w, https:\/\/de.servotecnica.com\/wp-content\/uploads\/2023\/02\/services-logistics-768x547.jpg 768w, https:\/\/de.servotecnica.com\/wp-content\/uploads\/2023\/02\/services-logistics-1536x1095.jpg 1536w, https:\/\/de.servotecnica.com\/wp-content\/uploads\/2023\/02\/services-logistics-2048x1459.jpg 2048w\" sizes=\"auto, (max-width: 1280px) 100vw, 1280px\" \/><\/figure>\n<\/div>\n<\/div>\n\n\n\n<div class=\"wp-block-columns is-layout-flex wp-container-core-columns-is-layout-9d6595d7 wp-block-columns-is-layout-flex\">\n<div class=\"wp-block-column is-layout-flow wp-block-column-is-layout-flow\"><\/div>\n<\/div>\n\n\n\n<div class=\"wp-block-columns is-layout-flex wp-container-core-columns-is-layout-9d6595d7 wp-block-columns-is-layout-flex\">\n<div class=\"wp-block-column is-layout-flow wp-block-column-is-layout-flow\"><\/div>\n<\/div>\n","protected":false},"excerpt":{"rendered":"<p>Ma\u00dfgeschneiderte Designs und Anwendungsunterst\u00fctzung Mit mehr als 40 Jahren Erfahrung auf dem Markt f\u00fcr Industrieautomation kann unser Team Ihnen hochqualifizierte Unterst\u00fctzung bei der Entscheidungsfindung und beim [&hellip;]<\/p>\n","protected":false},"author":1,"featured_media":0,"parent":0,"menu_order":0,"comment_status":"closed","ping_status":"closed","template":"page_services.php","meta":{"_acf_changed":false,"footnotes":""},"class_list":["post-86","page","type-page","status-publish","hentry"],"acf":[],"yoast_head":"<!-- This site is optimized with the Yoast SEO plugin v26.6 - https:\/\/yoast.com\/wordpress\/plugins\/seo\/ -->\n<title>Dienstleistungen - Servotecnica Deutschland<\/title>\n<meta name=\"robots\" content=\"index, follow, max-snippet:-1, max-image-preview:large, max-video-preview:-1\" \/>\n<meta property=\"og:locale\" content=\"de_DE\" \/>\n<meta property=\"og:type\" content=\"article\" \/>\n<meta property=\"og:title\" content=\"Dienstleistungen - Servotecnica Deutschland\" \/>\n<meta property=\"og:description\" content=\"Ma\u00dfgeschneiderte Designs und Anwendungsunterst\u00fctzung Mit mehr als 40 Jahren Erfahrung auf dem Markt f\u00fcr Industrieautomation kann unser Team Ihnen hochqualifizierte Unterst\u00fctzung bei der Entscheidungsfindung und beim [&hellip;]\" \/>\n<meta property=\"og:url\" content=\"https:\/\/de.servotecnica.com\/de\/dienstleistungen\/\" \/>\n<meta property=\"og:site_name\" content=\"Servotecnica Deutschland\" \/>\n<meta property=\"article:modified_time\" content=\"2023-07-04T13:09:01+00:00\" \/>\n<meta property=\"og:image\" content=\"https:\/\/it.servotecnica.com\/wp-content\/uploads\/2023\/02\/services-custom-1280x912.jpg\" \/>\n<meta name=\"twitter:card\" content=\"summary_large_image\" \/>\n<meta name=\"twitter:label1\" content=\"Gesch\u00e4tzte Lesezeit\" \/>\n\t<meta name=\"twitter:data1\" content=\"2\u00a0Minuten\" \/>\n<script type=\"application\/ld+json\" class=\"yoast-schema-graph\">{\"@context\":\"https:\/\/schema.org\",\"@graph\":[{\"@type\":\"WebPage\",\"@id\":\"https:\/\/de.servotecnica.com\/de\/dienstleistungen\/\",\"url\":\"https:\/\/de.servotecnica.com\/de\/dienstleistungen\/\",\"name\":\"Dienstleistungen - Servotecnica Deutschland\",\"isPartOf\":{\"@id\":\"https:\/\/de.servotecnica.com\/de\/#website\"},\"primaryImageOfPage\":{\"@id\":\"https:\/\/de.servotecnica.com\/de\/dienstleistungen\/#primaryimage\"},\"image\":{\"@id\":\"https:\/\/de.servotecnica.com\/de\/dienstleistungen\/#primaryimage\"},\"thumbnailUrl\":\"https:\/\/it.servotecnica.com\/wp-content\/uploads\/2023\/02\/services-custom-1280x912.jpg\",\"datePublished\":\"2021-12-10T17:14:19+00:00\",\"dateModified\":\"2023-07-04T13:09:01+00:00\",\"breadcrumb\":{\"@id\":\"https:\/\/de.servotecnica.com\/de\/dienstleistungen\/#breadcrumb\"},\"inLanguage\":\"de\",\"potentialAction\":[{\"@type\":\"ReadAction\",\"target\":[\"https:\/\/de.servotecnica.com\/de\/dienstleistungen\/\"]}]},{\"@type\":\"ImageObject\",\"inLanguage\":\"de\",\"@id\":\"https:\/\/de.servotecnica.com\/de\/dienstleistungen\/#primaryimage\",\"url\":\"https:\/\/it.servotecnica.com\/wp-content\/uploads\/2023\/02\/services-custom-1280x912.jpg\",\"contentUrl\":\"https:\/\/it.servotecnica.com\/wp-content\/uploads\/2023\/02\/services-custom-1280x912.jpg\"},{\"@type\":\"BreadcrumbList\",\"@id\":\"https:\/\/de.servotecnica.com\/de\/dienstleistungen\/#breadcrumb\",\"itemListElement\":[{\"@type\":\"ListItem\",\"position\":1,\"name\":\"Home\",\"item\":\"https:\/\/de.servotecnica.com\/de\/\"},{\"@type\":\"ListItem\",\"position\":2,\"name\":\"Dienstleistungen\"}]},{\"@type\":\"WebSite\",\"@id\":\"https:\/\/de.servotecnica.com\/de\/#website\",\"url\":\"https:\/\/de.servotecnica.com\/de\/\",\"name\":\"Servotecnica Deutschland\",\"description\":\"Servotecnica\",\"potentialAction\":[{\"@type\":\"SearchAction\",\"target\":{\"@type\":\"EntryPoint\",\"urlTemplate\":\"https:\/\/de.servotecnica.com\/de\/?s={search_term_string}\"},\"query-input\":{\"@type\":\"PropertyValueSpecification\",\"valueRequired\":true,\"valueName\":\"search_term_string\"}}],\"inLanguage\":\"de\"}]}<\/script>\n<!-- \/ Yoast SEO plugin. -->","yoast_head_json":{"title":"Dienstleistungen - Servotecnica Deutschland","robots":{"index":"index","follow":"follow","max-snippet":"max-snippet:-1","max-image-preview":"max-image-preview:large","max-video-preview":"max-video-preview:-1"},"og_locale":"de_DE","og_type":"article","og_title":"Dienstleistungen - Servotecnica Deutschland","og_description":"Ma\u00dfgeschneiderte Designs und Anwendungsunterst\u00fctzung Mit mehr als 40 Jahren Erfahrung auf dem Markt f\u00fcr Industrieautomation kann unser Team Ihnen hochqualifizierte Unterst\u00fctzung bei der Entscheidungsfindung und beim [&hellip;]","og_url":"https:\/\/de.servotecnica.com\/de\/dienstleistungen\/","og_site_name":"Servotecnica Deutschland","article_modified_time":"2023-07-04T13:09:01+00:00","og_image":[{"url":"https:\/\/it.servotecnica.com\/wp-content\/uploads\/2023\/02\/services-custom-1280x912.jpg","type":"","width":"","height":""}],"twitter_card":"summary_large_image","twitter_misc":{"Gesch\u00e4tzte Lesezeit":"2\u00a0Minuten"},"schema":{"@context":"https:\/\/schema.org","@graph":[{"@type":"WebPage","@id":"https:\/\/de.servotecnica.com\/de\/dienstleistungen\/","url":"https:\/\/de.servotecnica.com\/de\/dienstleistungen\/","name":"Dienstleistungen - Servotecnica Deutschland","isPartOf":{"@id":"https:\/\/de.servotecnica.com\/de\/#website"},"primaryImageOfPage":{"@id":"https:\/\/de.servotecnica.com\/de\/dienstleistungen\/#primaryimage"},"image":{"@id":"https:\/\/de.servotecnica.com\/de\/dienstleistungen\/#primaryimage"},"thumbnailUrl":"https:\/\/it.servotecnica.com\/wp-content\/uploads\/2023\/02\/services-custom-1280x912.jpg","datePublished":"2021-12-10T17:14:19+00:00","dateModified":"2023-07-04T13:09:01+00:00","breadcrumb":{"@id":"https:\/\/de.servotecnica.com\/de\/dienstleistungen\/#breadcrumb"},"inLanguage":"de","potentialAction":[{"@type":"ReadAction","target":["https:\/\/de.servotecnica.com\/de\/dienstleistungen\/"]}]},{"@type":"ImageObject","inLanguage":"de","@id":"https:\/\/de.servotecnica.com\/de\/dienstleistungen\/#primaryimage","url":"https:\/\/it.servotecnica.com\/wp-content\/uploads\/2023\/02\/services-custom-1280x912.jpg","contentUrl":"https:\/\/it.servotecnica.com\/wp-content\/uploads\/2023\/02\/services-custom-1280x912.jpg"},{"@type":"BreadcrumbList","@id":"https:\/\/de.servotecnica.com\/de\/dienstleistungen\/#breadcrumb","itemListElement":[{"@type":"ListItem","position":1,"name":"Home","item":"https:\/\/de.servotecnica.com\/de\/"},{"@type":"ListItem","position":2,"name":"Dienstleistungen"}]},{"@type":"WebSite","@id":"https:\/\/de.servotecnica.com\/de\/#website","url":"https:\/\/de.servotecnica.com\/de\/","name":"Servotecnica Deutschland","description":"Servotecnica","potentialAction":[{"@type":"SearchAction","target":{"@type":"EntryPoint","urlTemplate":"https:\/\/de.servotecnica.com\/de\/?s={search_term_string}"},"query-input":{"@type":"PropertyValueSpecification","valueRequired":true,"valueName":"search_term_string"}}],"inLanguage":"de"}]}},"_links":{"self":[{"href":"https:\/\/de.servotecnica.com\/de\/wp-json\/wp\/v2\/pages\/86","targetHints":{"allow":["GET"]}}],"collection":[{"href":"https:\/\/de.servotecnica.com\/de\/wp-json\/wp\/v2\/pages"}],"about":[{"href":"https:\/\/de.servotecnica.com\/de\/wp-json\/wp\/v2\/types\/page"}],"author":[{"embeddable":true,"href":"https:\/\/de.servotecnica.com\/de\/wp-json\/wp\/v2\/users\/1"}],"replies":[{"embeddable":true,"href":"https:\/\/de.servotecnica.com\/de\/wp-json\/wp\/v2\/comments?post=86"}],"version-history":[{"count":5,"href":"https:\/\/de.servotecnica.com\/de\/wp-json\/wp\/v2\/pages\/86\/revisions"}],"predecessor-version":[{"id":848,"href":"https:\/\/de.servotecnica.com\/de\/wp-json\/wp\/v2\/pages\/86\/revisions\/848"}],"wp:attachment":[{"href":"https:\/\/de.servotecnica.com\/de\/wp-json\/wp\/v2\/media?parent=86"}],"curies":[{"name":"wp","href":"https:\/\/api.w.org\/{rel}","templated":true}]}}